{"id":87,"date":"2026-02-23T17:09:12","date_gmt":"2026-02-23T16:09:12","guid":{"rendered":"https:\/\/www.anesat.com\/web\/?page_id=87"},"modified":"2026-03-14T21:01:04","modified_gmt":"2026-03-14T20:01:04","slug":"nuestra-historia","status":"publish","type":"page","link":"https:\/\/www.anesat.com\/web\/nuestra-historia\/","title":{"rendered":"Nuestra Historia"},"content":{"rendered":"<p>[et_pb_section fb_built=\u00bb1&#8243; admin_label=\u00bbHeader &#038; Video\u00bb _builder_version=\u00bb4.27.5&#8243; _module_preset=\u00bbcdd29584-19be-460b-b901-1ec4dd07c585&#8243; background_color=\u00bbRGBA(255,255,255,0)\u00bb use_background_color_gradient=\u00bbon\u00bb background_color_gradient_stops=\u00bbrgba(255,255,255,0) 0%|rgba(190, 190, 190, 0.5) 9%|#2a2a2a 51%|rgba(42, 42, 42, 1) 100%\u00bb background_image=\u00bbhttps:\/\/www.anesat.com\/web\/wp-content\/uploads\/2026\/02\/11-Noviembre-scaled.jpg\u00bb min_height=\u00bb600px\u00bb custom_margin=\u00bb||||false|false\u00bb hover_enabled=\u00bb0&#8243; locked=\u00bboff\u00bb collapsed=\u00bboff\u00bb global_colors_info=\u00bb{%22gcid-1f1bf5fb-a99d-4acc-8d9e-ddac074c158c%22:%91%22background_color_gradient_stops%22,%22background_color_gradient_stops%22%93,%22gcid-a78660e1-cfc7-4771-a566-6834d6a7f06a%22:%91%22background_color_gradient_stops%22,%22background_color_gradient_stops%22%93,%22gcid-24b0db87-dafa-47d9-995f-b90181e18c52%22:%91%22background_color_gradient_stops%22,%22background_color_gradient_stops%22%93}\u00bb sticky_enabled=\u00bb0&#8243;][et_pb_row _builder_version=\u00bb4.27.5&#8243; _module_preset=\u00bbdefault\u00bb global_colors_info=\u00bb{}\u00bb][et_pb_column type=\u00bb4_4&#8243; _builder_version=\u00bb4.27.5&#8243; _module_preset=\u00bbdefault\u00bb custom_padding=\u00bb400px||||false|false\u00bb global_colors_info=\u00bb{}\u00bb][et_pb_heading title=\u00bbQuienes somos\u00bb _builder_version=\u00bb4.27.5&#8243; _module_preset=\u00bb513937da-e02d-48d7-bc2c-641af3482514&#8243; title_text_color=\u00bb#FFFFFF\u00bb custom_margin=\u00bb||10px||false|false\u00bb animation_style=\u00bbslide\u00bb global_colors_info=\u00bb{}\u00bb][\/et_pb_heading][\/et_pb_column][\/et_pb_row][\/et_pb_section][et_pb_section fb_built=\u00bb1&#8243; admin_label=\u00bbHeader &#038; Video\u00bb _builder_version=\u00bb4.27.5&#8243; _module_preset=\u00bbcdd29584-19be-460b-b901-1ec4dd07c585&#8243; background_color=\u00bbRGBA(255,255,255,0)\u00bb custom_margin=\u00bb||||false|false\u00bb locked=\u00bboff\u00bb collapsed=\u00bboff\u00bb global_colors_info=\u00bb{%22gcid-1f1bf5fb-a99d-4acc-8d9e-ddac074c158c%22:%91%22background_color_gradient_stops%22,%22background_color_gradient_stops%22%93,%22gcid-a78660e1-cfc7-4771-a566-6834d6a7f06a%22:%91%22background_color_gradient_stops%22,%22background_color_gradient_stops%22%93,%22gcid-24b0db87-dafa-47d9-995f-b90181e18c52%22:%91%22background_color_gradient_stops%22,%22background_color_gradient_stops%22%93}\u00bb][et_pb_row column_structure=\u00bb2_3,1_3&#8243; _builder_version=\u00bb4.25.1&#8243; _module_preset=\u00bbdefault\u00bb global_colors_info=\u00bb{}\u00bb][et_pb_column type=\u00bb2_3&#8243; _builder_version=\u00bb4.25.1&#8243; _module_preset=\u00bbdefault\u00bb global_colors_info=\u00bb{}\u00bb][et_pb_text _builder_version=\u00bb4.27.5&#8243; _module_preset=\u00bb5640a644-026f-4692-89c3-0e9246bc8169&#8243; custom_padding=\u00bb||0px|||\u00bb hover_enabled=\u00bb0&#8243; text_font_size=\u00bb18px\u00bb text_line_height=\u00bb2em\u00bb sticky_enabled=\u00bb0&#8243;]<\/p>\n<p data-start=\"226\" data-end=\"375\" style=\"text-align: justify;\"><span style=\"color: #000000;\"><strong>ANESAT<\/strong> naci\u00f3 en <strong>1998<\/strong> del compromiso y la determinaci\u00f3n de un grupo de Servicios Autorizados <strong>SEAT<\/strong> que entendieron que, unidos, pod\u00edan ser m\u00e1s fuertes.<\/span><\/p>\n<p data-start=\"377\" data-end=\"670\" style=\"text-align: justify;\"><span style=\"color: #000000;\">En un sector en constante evoluci\u00f3n, donde los cambios tecnol\u00f3gicos, normativos y empresariales marcan el ritmo del d\u00eda a d\u00eda, surgi\u00f3 la necesidad de crear una voz com\u00fan. Una asociaci\u00f3n que representara, defendiera y acompa\u00f1ara a quienes forman parte esencial de la red oficial <strong>SEAT<\/strong> en Espa\u00f1a.<\/span><\/p>\n<p data-start=\"672\" data-end=\"953\" style=\"text-align: justify;\"><span style=\"color: #000000;\">Desde entonces, <strong>ANESAT<\/strong> no ha sido solo una entidad representativa. Ha sido punto de encuentro, espacio de di\u00e1logo y respaldo para los profesionales que, cada d\u00eda, levantan la persiana de sus instalaciones con el compromiso de ofrecer calidad, confianza y excelencia en el servicio.<\/span><\/p>\n<h3 data-start=\"1214\" data-end=\"1235\"><span style=\"color: #000000;\">Una red unida por un prop\u00f3sito<\/span><\/h3>\n<p data-start=\"995\" data-end=\"1214\" style=\"text-align: justify;\"><span style=\"color: #000000;\">A lo largo de m\u00e1s de dos d\u00e9cadas, hemos crecido junto a nuestros asociados, afrontando juntos los desaf\u00edos del mercado, adapt\u00e1ndonos a la transformaci\u00f3n digital, a la electrificaci\u00f3n y a las nuevas demandas del cliente.<\/span><\/p>\n<p data-start=\"1216\" data-end=\"1403\" style=\"text-align: justify;\"><span style=\"color: #000000;\">Cada taller, cada equipo humano y cada profesional forman parte de una red que comparte valores: <\/span><span style=\"color: #000000;\">la profesionalidad, la responsabilidad y el orgullo de pertenecer a la red oficial <strong>SEAT<\/strong>.<\/span><\/p>\n<p data-start=\"1405\" data-end=\"1562\" style=\"text-align: justify;\"><span style=\"color: #000000;\"><strong>ANESAT<\/strong> act\u00faa como nexo, como interlocutor y como apoyo constante, defendiendo intereses comunes y promoviendo un entorno m\u00e1s s\u00f3lido y equilibrado para todos.<\/span><\/p>\n<h3 data-start=\"1811\" data-end=\"1831\"><span style=\"color: #000000;\">Mirando al Futuro con determinaci\u00f3n<\/span><\/h3>\n<p data-start=\"1609\" data-end=\"1811\" style=\"text-align: justify;\"><span style=\"color: #000000;\">El futuro de la automoci\u00f3n plantea nuevos retos, pero tambi\u00e9n grandes oportunidades. En <strong>ANESAT<\/strong> creemos en la fuerza de la uni\u00f3n, en la colaboraci\u00f3n y en la capacidad de adaptaci\u00f3n de nuestros asociados.<\/span><\/p>\n<p data-start=\"1813\" data-end=\"2018\" style=\"text-align: justify;\"><span style=\"color: #000000;\">M\u00e1s de 25 a\u00f1os despu\u00e9s de nuestra constituci\u00f3n, seguimos trabajando con la misma convicci\u00f3n que nos vio nacer:<\/span><br data-start=\"1923\" data-end=\"1926\" \/><span style=\"color: #000000;\">proteger, fortalecer y proyectar hacia el futuro a los Servicios Autorizados <strong>SEAT<\/strong> en Espa\u00f1a.<\/span><\/p>\n<p data-start=\"2020\" data-end=\"2098\" style=\"text-align: justify;\"><span style=\"color: #000000;\">Porque cuando una red trabaja unida, el futuro se construye con mayor solidez.<\/span><\/p>\n<p>[\/et_pb_text][\/et_pb_column][et_pb_column type=\u00bb1_3&#8243; _builder_version=\u00bb4.25.1&#8243; _module_preset=\u00bbdefault\u00bb global_colors_info=\u00bb{}\u00bb][et_pb_image src=\u00bbhttps:\/\/www.anesat.com\/web\/wp-content\/uploads\/2026\/03\/infografia-anesat-scaled.png\u00bb title_text=\u00bbinfografia anesat\u00bb show_in_lightbox=\u00bbon\u00bb _builder_version=\u00bb4.27.5&#8243; _module_preset=\u00bbdefault\u00bb animation_style=\u00bbslide\u00bb global_colors_info=\u00bb{}\u00bb][\/et_pb_image][\/et_pb_column][\/et_pb_row][et_pb_row _builder_version=\u00bb4.27.5&#8243; _module_preset=\u00bbdefault\u00bb global_colors_info=\u00bb{}\u00bb][et_pb_column type=\u00bb4_4&#8243; _builder_version=\u00bb4.27.5&#8243; _module_preset=\u00bbdefault\u00bb global_colors_info=\u00bb{}\u00bb][et_pb_heading title=\u00bbNuestro Equipo\u00bb _builder_version=\u00bb4.27.5&#8243; _module_preset=\u00bbdefault\u00bb hover_enabled=\u00bb0&#8243; global_colors_info=\u00bb{}\u00bb title_font_size=\u00bb40px\u00bb title_font=\u00bb|800||||on|||\u00bb sticky_enabled=\u00bb0&#8243;][\/et_pb_heading][\/et_pb_column][\/et_pb_row][et_pb_row _builder_version=\u00bb4.27.5&#8243; _module_preset=\u00bbdefault\u00bb column_structure=\u00bb1_3,1_3,1_3&#8243; hover_enabled=\u00bb0&#8243; sticky_enabled=\u00bb0&#8243;][et_pb_column _builder_version=\u00bb4.27.5&#8243; _module_preset=\u00bbdefault\u00bb type=\u00bb1_3&#8243;][et_pb_team_member name=\u00bbCesar M. Sanz Bustillo\u00bb image_url=\u00bbhttps:\/\/www.anesat.com\/web\/wp-content\/uploads\/2026\/03\/cesar.webp\u00bb position=\u00bbSecretario Ejecutivo\u00bb _builder_version=\u00bb4.27.5&#8243; _module_preset=\u00bbdefault\u00bb linkedin_url=\u00bbhttps:\/\/www.linkedin.com\/in\/cesar-m-sanz-bustillo-75bbb021\/\u00bb title_text=\u00bbcesar\u00bb hover_enabled=\u00bb0&#8243; sticky_enabled=\u00bb0&#8243;]<\/p>\n<p>Es la persona que coordina las relaciones con otras asociaciones y organismos p\u00fablicos.<\/p>\n<p>[\/et_pb_team_member][\/et_pb_column][et_pb_column _builder_version=\u00bb4.27.5&#8243; _module_preset=\u00bbdefault\u00bb type=\u00bb1_3&#8243;][et_pb_team_member name=\u00bbJavier Jim\u00e9nez L\u00f3pez\u00bb image_url=\u00bbhttps:\/\/www.anesat.com\/web\/wp-content\/uploads\/2026\/03\/javierj.webp\u00bb position=\u00bbDirector de Oficina y Comercial\u00bb _builder_version=\u00bb4.27.5&#8243; _module_preset=\u00bbdefault\u00bb linkedin_url=\u00bbhttps:\/\/www.linkedin.com\/in\/javier-jimenez-l%C3%B3pez-4a9968190\/\u00bb title_text=\u00bbjavierj\u00bb hover_enabled=\u00bb0&#8243; sticky_enabled=\u00bb0&#8243;]<\/p>\n<p>Coordinador de relaciones con proveedores<\/p>\n<p>[\/et_pb_team_member][\/et_pb_column][et_pb_column _builder_version=\u00bb4.27.5&#8243; _module_preset=\u00bbdefault\u00bb type=\u00bb1_3&#8243;][et_pb_team_member name=\u00bbIgnacio Sanz Bustillo\u00bb image_url=\u00bbhttps:\/\/www.anesat.com\/web\/wp-content\/uploads\/2026\/03\/ignacio.webp\u00bb position=\u00bbDirector de Administraci\u00f3n y Finanzas\u00bb _builder_version=\u00bb4.27.5&#8243; _module_preset=\u00bbdefault\u00bb title_text=\u00bbignacio\u00bb hover_enabled=\u00bb0&#8243; sticky_enabled=\u00bb0&#8243;]<\/p>\n<p>Responsable area administracion y financiera<\/p>\n<p>[\/et_pb_team_member][\/et_pb_column][\/et_pb_row][et_pb_row _builder_version=\u00bb4.27.5&#8243; _module_preset=\u00bbdefault\u00bb column_structure=\u00bb1_3,1_3,1_3&#8243;][et_pb_column _builder_version=\u00bb4.27.5&#8243; _module_preset=\u00bbdefault\u00bb type=\u00bb1_3&#8243;][et_pb_team_member name=\u00bbCarlos S\u00e1nchez Ortiz\u00bb image_url=\u00bbhttps:\/\/www.anesat.com\/web\/wp-content\/uploads\/2026\/03\/carlos.webp\u00bb position=\u00bbResponsable Area IT y Comercial\u00bb _builder_version=\u00bb4.27.5&#8243; _module_preset=\u00bbdefault\u00bb linkedin_url=\u00bbhttps:\/\/www.linkedin.com\/in\/carlos-s%C3%A1nchez-ortiz-71041559\/\u00bb hover_enabled=\u00bb0&#8243; sticky_enabled=\u00bb0&#8243; title_text=\u00bbcarlos\u00bb]<\/p>\n<p>Responsable area IT y atenci\u00f3n al socio<\/p>\n<p>[\/et_pb_team_member][\/et_pb_column][et_pb_column _builder_version=\u00bb4.27.5&#8243; _module_preset=\u00bbdefault\u00bb type=\u00bb1_3&#8243;][et_pb_team_member name=\u00bbMarta Rodr\u00edguez Gonz\u00e1lez\u00bb image_url=\u00bbhttps:\/\/www.anesat.com\/web\/wp-content\/uploads\/2026\/03\/Marta.webp\u00bb position=\u00bbSecretar\u00eda Asociaci\u00f3n\u00bb _builder_version=\u00bb4.27.5&#8243; _module_preset=\u00bbdefault\u00bb title_text=\u00bbMarta\u00bb hover_enabled=\u00bb0&#8243; sticky_enabled=\u00bb0&#8243;]<\/p>\n<p>Atenci\u00f3n al Socio.<\/p>\n<p>[\/et_pb_team_member][\/et_pb_column][et_pb_column _builder_version=\u00bb4.27.5&#8243; _module_preset=\u00bbdefault\u00bb type=\u00bb1_3&#8243;][et_pb_team_member name=\u00bbJavier Fern\u00e1ndez Folgado\u00bb image_url=\u00bbhttps:\/\/www.anesat.com\/web\/wp-content\/uploads\/2026\/03\/JavierF.webp\u00bb position=\u00bbArea IT y  Atenci\u00f3n al Socio\u00bb _builder_version=\u00bb4.27.5&#8243; _module_preset=\u00bbdefault\u00bb title_text=\u00bbJavierF\u00bb hover_enabled=\u00bb0&#8243; sticky_enabled=\u00bb0&#8243;]<\/p>\n<p>Area IT y relaciones con los socios<\/p>\n<p>[\/et_pb_team_member][\/et_pb_column][\/et_pb_row][\/et_pb_section][et_pb_section fb_built=\u00bb1&#8243; theme_builder_area=\u00bbpost_content\u00bb _builder_version=\u00bb4.27.5&#8243; _module_preset=\u00bbdefault\u00bb title_text=\u00bbfondo horizotal para web anesat\u00bb background_image=\u00bbhttps:\/\/www.anesat.com\/web\/wp-content\/uploads\/2026\/03\/fondo-horizotal-para-web-anesat.png\u00bb hover_enabled=\u00bb0&#8243; sticky_enabled=\u00bb0&#8243;][et_pb_row _builder_version=\u00bb4.27.5&#8243; _module_preset=\u00bbdefault\u00bb theme_builder_area=\u00bbpost_content\u00bb hover_enabled=\u00bb0&#8243; sticky_enabled=\u00bb0&#8243;][et_pb_column _builder_version=\u00bb4.27.5&#8243; _module_preset=\u00bbdefault\u00bb type=\u00bb4_4&#8243; theme_builder_area=\u00bbpost_content\u00bb hover_enabled=\u00bb0&#8243; sticky_enabled=\u00bb0&#8243;][et_pb_cta title=\u00bbJuntos, como Servicios Autorizados Seat y Cupra, transformamos la excelencia en servicio en un est\u00e1ndar, demostrando que el verdadero poder est\u00e1 en el trabajo en equipo.\u00bb button_text=\u00bbContactar\u00bb _builder_version=\u00bb4.27.5&#8243; _module_preset=\u00bbdefault\u00bb theme_builder_area=\u00bbpost_content\u00bb hover_enabled=\u00bb0&#8243; sticky_enabled=\u00bb0&#8243; background_enable_color=\u00bboff\u00bb][\/et_pb_cta][et_pb_button button_text=\u00bbContactar\u00bb _builder_version=\u00bb4.27.5&#8243; _module_preset=\u00bbdefault\u00bb theme_builder_area=\u00bbpost_content\u00bb hover_enabled=\u00bb0&#8243; sticky_enabled=\u00bb0&#8243; button_alignment=\u00bbcenter\u00bb animation_style=\u00bbfade\u00bb][\/et_pb_button][\/et_pb_column][\/et_pb_row][\/et_pb_section]<\/p>\n","protected":false},"excerpt":{"rendered":"<p>ANESAT naci\u00f3 en 1998 del compromiso y la determinaci\u00f3n de un grupo de Servicios Autorizados SEAT que entendieron que, unidos, pod\u00edan ser m\u00e1s fuertes. En un sector en constante evoluci\u00f3n, donde los cambios tecnol\u00f3gicos, normativos y empresariales marcan el ritmo del d\u00eda a d\u00eda, surgi\u00f3 la necesidad de crear una voz com\u00fan. Una asociaci\u00f3n que [&hellip;]<\/p>\n","protected":false},"author":1,"featured_media":112,"parent":0,"menu_order":0,"comment_status":"closed","ping_status":"closed","template":"","meta":{"_acf_changed":false,"_et_pb_use_builder":"on","_et_pb_old_content":"<!-- wp:divi\/placeholder \/-->","_et_gb_content_width":"","footnotes":""},"class_list":["post-87","page","type-page","status-publish","has-post-thumbnail","hentry"],"acf":[],"_links":{"self":[{"href":"https:\/\/www.anesat.com\/web\/wp-json\/wp\/v2\/pages\/87","targetHints":{"allow":["GET"]}}],"collection":[{"href":"https:\/\/www.anesat.com\/web\/wp-json\/wp\/v2\/pages"}],"about":[{"href":"https:\/\/www.anesat.com\/web\/wp-json\/wp\/v2\/types\/page"}],"author":[{"embeddable":true,"href":"https:\/\/www.anesat.com\/web\/wp-json\/wp\/v2\/users\/1"}],"replies":[{"embeddable":true,"href":"https:\/\/www.anesat.com\/web\/wp-json\/wp\/v2\/comments?post=87"}],"version-history":[{"count":34,"href":"https:\/\/www.anesat.com\/web\/wp-json\/wp\/v2\/pages\/87\/revisions"}],"predecessor-version":[{"id":163,"href":"https:\/\/www.anesat.com\/web\/wp-json\/wp\/v2\/pages\/87\/revisions\/163"}],"wp:featuredmedia":[{"embeddable":true,"href":"https:\/\/www.anesat.com\/web\/wp-json\/wp\/v2\/media\/112"}],"wp:attachment":[{"href":"https:\/\/www.anesat.com\/web\/wp-json\/wp\/v2\/media?parent=87"}],"curies":[{"name":"wp","href":"https:\/\/api.w.org\/{rel}","templated":true}]}}