{"id":2,"date":"2026-02-20T15:56:39","date_gmt":"2026-02-20T14:56:39","guid":{"rendered":"https:\/\/www.anesat.com\/web\/?page_id=2"},"modified":"2026-03-14T20:19:54","modified_gmt":"2026-03-14T19:19:54","slug":"principal","status":"publish","type":"page","link":"https:\/\/www.anesat.com\/web\/","title":{"rendered":"Principal"},"content":{"rendered":"<p>[et_pb_section fb_built=\u00bb1&#8243; admin_label=\u00bbHeader\u00bb _builder_version=\u00bb4.27.5&#8243; _module_preset=\u00bbcb73aacf-5242-4226-a134-2737ae3e1364&#8243; background_color_gradient_stops=\u00bbgcid-d119accd-44d7-4f2f-b9d7-599c8463324b 0%|rgba(255,255,255,0) 25%|#2a2a2a 83%|#072130 100%\u00bb background_image=\u00bbhttps:\/\/www.anesat.com\/web\/wp-content\/uploads\/2026\/03\/fondo-web-anesat-inicio-scaled.png\u00bb background_enable_image=\u00bbon\u00bb collapsed=\u00bbon\u00bb global_colors_info=\u00bb{%22gcid-1f1bf5fb-a99d-4acc-8d9e-ddac074c158c%22:%91%22background_color_gradient_stops%22,%22background_color_gradient_stops%22%93,%22gcid-4c79ba3d-a281-4fb6-9b14-02f9a4c793f2%22:%91%22background_color_gradient_stops%22,%22background_color_gradient_stops%22%93,%22gcid-688c464a-d6f2-4296-b592-395352c71c79%22:%91%22background_color_gradient_stops%22,%22background_color_gradient_stops%22%93,%22gcid-d119accd-44d7-4f2f-b9d7-599c8463324b%22:%91%22background_color_gradient_stops%22,%22background_color_gradient_stops%22%93}\u00bb][et_pb_row _builder_version=\u00bb4.25.1&#8243; _module_preset=\u00bbdefault\u00bb global_colors_info=\u00bb{}\u00bb][et_pb_column type=\u00bb4_4&#8243; _builder_version=\u00bb4.25.1&#8243; _module_preset=\u00bbdefault\u00bb global_colors_info=\u00bb{}\u00bb][et_pb_heading title=\u00bbAsociaci\u00f3n Espa\u00f1ola de Servicios Autorizados SEAT\u00bb _builder_version=\u00bb4.27.5&#8243; _module_preset=\u00bb3e4b03f8-510f-497f-a8eb-5ae629c85af8&#8243; title_text_align=\u00bbcenter\u00bb title_text_color=\u00bb#E02B20&#8243; custom_margin=\u00bb||10px||false|false\u00bb global_colors_info=\u00bb{}\u00bb][\/et_pb_heading][et_pb_text _builder_version=\u00bb4.27.5&#8243; _module_preset=\u00bb638de4ad-c50d-4c6e-be58-2fcc483565cf\u00bb text_orientation=\u00bbcenter\u00bb global_colors_info=\u00bb{}\u00bb]<\/p>\n<h4><span style=\"color: #ffffff;\"><strong>La Voz y la Fuerza de los Servicios Autorizados SEAT<\/strong><\/span><\/h4>\n<p>[\/et_pb_text][\/et_pb_column][\/et_pb_row][et_pb_row column_structure=\u00bb1_3,1_3,1_3&#8243; make_equal=\u00bbon\u00bb _builder_version=\u00bb4.25.2&#8243; _module_preset=\u00bbdefault\u00bb global_colors_info=\u00bb{}\u00bb][et_pb_column type=\u00bb1_3&#8243; _builder_version=\u00bb4.25.2&#8243; _module_preset=\u00bb8adfe33e-378a-4d6e-8c4c-17b3a6ba7b8d\u00bb global_colors_info=\u00bb{}\u00bb][et_pb_number_counter number=\u00bb95&#8243; _builder_version=\u00bb4.27.5&#8243; _module_preset=\u00bbfb9a377e-9a20-4983-93e2-285006410140&#8243; text_orientation=\u00bbleft\u00bb global_colors_info=\u00bb{%22gcid-1f1b4e15-7cc6-4e13-8154-74d77a956460%22:%91%22quote_border_color%22,%22link_text_color%22,%22quote_text_color%22,%22number_text_color%22%93}\u00bb][\/et_pb_number_counter][et_pb_heading title=\u00bbServicios Autorizados SEAT ya son socios\u00bb _builder_version=\u00bb4.27.5&#8243; _module_preset=\u00bb23fa9676-993b-409b-bb2f-147baa9e80c7&#8243; title_text_color=\u00bbgcid-1f1b4e15-7cc6-4e13-8154-74d77a956460&#8243; custom_margin=\u00bb||10px||false|false\u00bb global_colors_info=\u00bb{%22gcid-1f1b4e15-7cc6-4e13-8154-74d77a956460%22:%91%22title_text_color%22%93}\u00bb][\/et_pb_heading][et_pb_text _builder_version=\u00bb4.27.5&#8243; _module_preset=\u00bb638de4ad-c50d-4c6e-be58-2fcc483565cf\u00bb global_colors_info=\u00bb{}\u00bb]<\/p>\n<p>Una red unida de Servicios Autorizados SEAT comprometidos con la excelencia, la calidad y la representaci\u00f3n sectorial.<\/p>\n<p>[\/et_pb_text][\/et_pb_column][et_pb_column type=\u00bb1_3&#8243; _builder_version=\u00bb4.25.2&#8243; _module_preset=\u00bb5aa0cd89-9f5d-41cd-aae0-142e364a79d5&#8243; global_colors_info=\u00bb{%22gcid-4c79ba3d-a281-4fb6-9b14-02f9a4c793f2%22:%91%22background_color%22%93}\u00bb][et_pb_image src=\u00bbhttps:\/\/www.anesat.com\/web\/wp-content\/uploads\/2026\/02\/ANESAT.png\u00bb title_text=\u00bbANESAT\u00bb _builder_version=\u00bb4.27.5&#8243; _module_preset=\u00bbdefault\u00bb global_colors_info=\u00bb{}\u00bb][\/et_pb_image][et_pb_heading title=\u00bbUnidad y Profesionalidad\u00bb _builder_version=\u00bb4.27.5&#8243; _module_preset=\u00bb23fa9676-993b-409b-bb2f-147baa9e80c7&#8243; title_text_color=\u00bb#FFFFFF\u00bb custom_margin=\u00bb||10px||false|false\u00bb global_colors_info=\u00bb{}\u00bb][\/et_pb_heading][et_pb_text _builder_version=\u00bb4.27.5&#8243; _module_preset=\u00bbf6f1c901-dd7e-4f77-9b4e-3ecd2d8bdb84&#8243;]<\/p>\n<p>Impulsamos la colaboraci\u00f3n entre asociados, fomentando la profesionalidad, la formaci\u00f3n y el crecimiento conjunto.<\/p>\n<p>[\/et_pb_text][\/et_pb_column][et_pb_column type=\u00bb1_3&#8243; _builder_version=\u00bb4.25.1&#8243; _module_preset=\u00bbdefault\u00bb global_colors_info=\u00bb{}\u00bb][et_pb_image src=\u00bbhttps:\/\/www.anesat.com\/web\/wp-content\/uploads\/2026\/02\/ASAMBLEA-ANESAT-2025.png\u00bb title_text=\u00bbASAMBLEA ANESAT 2025&#8243; _builder_version=\u00bb4.27.5&#8243; _module_preset=\u00bb7250073f-8a87-4827-87b1-a7d71ec9d348&#8243; global_colors_info=\u00bb{}\u00bb][\/et_pb_image][et_pb_button button_text=\u00bb\u00danete a ANESAT\u00bb button_alignment=\u00bbcenter\u00bb _builder_version=\u00bb4.27.5&#8243; _module_preset=\u00bbafef0fca-6e7b-46a7-a5b2-8751fb769d97&#8243; button_bg_color=\u00bb#E02B20&#8243; custom_css_main_element=\u00bbwidth: 100%\u00bb global_colors_info=\u00bb{}\u00bb][\/et_pb_button][\/et_pb_column][\/et_pb_row][\/et_pb_section][et_pb_section fb_built=\u00bb1&#8243; admin_label=\u00bbOur Mission\u00bb _builder_version=\u00bb4.25.2&#8243; _module_preset=\u00bbad0ee626-6b6c-41b5-882c-61b9982328ef\u00bb custom_margin=\u00bb||||false\u00bb custom_padding=\u00bb5vw||5vw||true|false\u00bb collapsed=\u00bbon\u00bb global_colors_info=\u00bb{}\u00bb][et_pb_row _builder_version=\u00bb4.25.1&#8243; _module_preset=\u00bbdefault\u00bb max_width=\u00bb900px\u00bb global_colors_info=\u00bb{}\u00bb][et_pb_column type=\u00bb4_4&#8243; _builder_version=\u00bb4.25.1&#8243; _module_preset=\u00bbdefault\u00bb global_colors_info=\u00bb{}\u00bb][et_pb_heading title=\u00bbnuestra misi\u00f3n\u00bb _builder_version=\u00bb4.25.2&#8243; _module_preset=\u00bbf9203c88-4d5a-497c-8e35-12e3926f2e9d\u00bb title_text_align=\u00bbcenter\u00bb title_text_color=\u00bbgcid-4c79ba3d-a281-4fb6-9b14-02f9a4c793f2&#8243; global_colors_info=\u00bb{%22gcid-4c79ba3d-a281-4fb6-9b14-02f9a4c793f2%22:%91%22title_text_color%22%93}\u00bb][\/et_pb_heading][et_pb_heading title=\u00bbSer la voz de los Servicios Autorizados SEAT ante la marca y las instituciones, impulsando la colaboraci\u00f3n entre asociados y promoviendo el desarrollo empresarial, la formaci\u00f3n continua y la defensa de sus intereses profesionales.t.\u00bb _builder_version=\u00bb4.25.2&#8243; _module_preset=\u00bb44ebd815-41ba-4818-9460-b5fc89f6b9b6&#8243; title_text_align=\u00bbcenter\u00bb title_text_color=\u00bb#FFFFFF\u00bb custom_padding=\u00bb||0px|||\u00bb global_colors_info=\u00bb{}\u00bb][\/et_pb_heading][\/et_pb_column][\/et_pb_row][\/et_pb_section][et_pb_section fb_built=\u00bb1&#8243; admin_label=\u00bbCall to Action\u00bb _builder_version=\u00bb4.27.5&#8243; _module_preset=\u00bb59734893-7759-4414-8afb-61a978f7e415&#8243; background_enable_color=\u00bboff\u00bb background_image=\u00bbhttps:\/\/www.anesat.com\/web\/wp-content\/uploads\/2026\/02\/ChatGPT-Image-23-feb-2026-16_00_53.png\u00bb parallax=\u00bbon\u00bb custom_margin=\u00bb||||false\u00bb custom_padding=\u00bb8vw||8vw||true|false\u00bb collapsed=\u00bbon\u00bb][et_pb_row column_structure=\u00bb1_2,1_2&#8243; _builder_version=\u00bb4.25.2&#8243; _module_preset=\u00bbdefault\u00bb global_colors_info=\u00bb{}\u00bb][et_pb_column type=\u00bb1_2&#8243; _builder_version=\u00bb4.25.2&#8243; _module_preset=\u00bbc248b50b-588a-42fd-8234-308ce722d44c\u00bb global_colors_info=\u00bb{%22gcid-1f1b4e15-7cc6-4e13-8154-74d77a956460%22:%91%22background_color%22%93}\u00bb][et_pb_heading title=\u00bbForma Parte de ANESAT\u00bb _builder_version=\u00bb4.25.2&#8243; _module_preset=\u00bb44ebd815-41ba-4818-9460-b5fc89f6b9b6&#8243; title_text_align=\u00bbcenter\u00bb title_text_color=\u00bb#FFFFFF\u00bb custom_margin=\u00bb||10px||false|false\u00bb global_colors_info=\u00bb{}\u00bb][\/et_pb_heading][et_pb_text _builder_version=\u00bb4.25.1&#8243; _module_preset=\u00bbf6f1c901-dd7e-4f77-9b4e-3ecd2d8bdb84&#8243; text_orientation=\u00bbcenter\u00bb]<\/p>\n<p>Refuerza tu posici\u00f3n dentro de la red oficial SEAT. En ANESAT trabajamos para proteger tus intereses y potenciar el crecimiento de tu negocio.<\/p>\n<p>[\/et_pb_text][et_pb_button button_text=\u00bbHazte Socio\u00bb button_alignment=\u00bbcenter\u00bb _builder_version=\u00bb4.27.5&#8243; _module_preset=\u00bb15d47a4c-14ea-4525-b220-df4124795988&#8243;][\/et_pb_button][\/et_pb_column][et_pb_column type=\u00bb1_2&#8243; _builder_version=\u00bb4.25.1&#8243; _module_preset=\u00bbdefault\u00bb global_colors_info=\u00bb{}\u00bb][\/et_pb_column][\/et_pb_row][\/et_pb_section][et_pb_section fb_built=\u00bb1&#8243; admin_label=\u00bbPrograms\u00bb _builder_version=\u00bb4.25.1&#8243; _module_preset=\u00bb59734893-7759-4414-8afb-61a978f7e415&#8243; collapsed=\u00bboff\u00bb][et_pb_row _builder_version=\u00bb4.25.1&#8243; _module_preset=\u00bbdefault\u00bb global_colors_info=\u00bb{}\u00bb][et_pb_column type=\u00bb4_4&#8243; _builder_version=\u00bb4.25.1&#8243; _module_preset=\u00bbdefault\u00bb global_colors_info=\u00bb{}\u00bb][et_pb_heading title=\u00bbQu\u00e9 hacemos\u00bb admin_label=\u00bbT\u00edtulo\u00bb _builder_version=\u00bb4.27.5&#8243; _module_preset=\u00bbf9203c88-4d5a-497c-8e35-12e3926f2e9d\u00bb title_text_color=\u00bbgcid-1f1b4e15-7cc6-4e13-8154-74d77a956460&#8243; custom_margin=\u00bb||0px||false|false\u00bb global_colors_info=\u00bb{%22gcid-1f1b4e15-7cc6-4e13-8154-74d77a956460%22:%91%22title_text_color%22%93}\u00bb][\/et_pb_heading][et_pb_heading title=\u00bbNuestros servicios\u00bb _builder_version=\u00bb4.25.2&#8243; _module_preset=\u00bb7f15ed32-4c60-4072-99e8-efe7c2f9f5f4&#8243; global_colors_info=\u00bb{}\u00bb][\/et_pb_heading][et_pb_text _builder_version=\u00bb4.27.5&#8243; _module_preset=\u00bbdefault\u00bb text_font_size=\u00bb18px\u00bb text_line_height=\u00bb2em\u00bb hover_enabled=\u00bb0&#8243; global_colors_info=\u00bb{}\u00bb sticky_enabled=\u00bb0&#8243;]<\/p>\n<p data-start=\"242\" data-end=\"527\" style=\"text-align: justify;\">En ANESAT trabajamos para ser el mejor apoyo de los Servicios Autorizados SEAT en Espa\u00f1a. Nuestra labor se centra en la representaci\u00f3n, la defensa y el fortalecimiento de los intereses de nuestros asociados, ofreciendo un servicio cercano, profesional y comprometido con la excelencia.<\/p>\n<p data-start=\"529\" data-end=\"778\" style=\"text-align: justify;\">Como miembro de la Asociaci\u00f3n, tendr\u00e1s acceso a informaci\u00f3n estrat\u00e9gica, asesoramiento especializado, formaci\u00f3n continua y una red de profesionales unidos por un mismo objetivo: garantizar la calidad, la rentabilidad y el futuro de la posventa SEAT y CUPRA<\/p>\n<p data-start=\"780\" data-end=\"1024\" style=\"text-align: justify;\">Formar parte de ANESAT significa integrarse en una comunidad s\u00f3lida que promueve la colaboraci\u00f3n, la innovaci\u00f3n y la profesionalizaci\u00f3n del sector, contribuyendo al fortalecimiento de la red oficial SEAT\u00a0 y CUPRA y a la mejora continua de sus servicios.<\/p>\n<p>[\/et_pb_text][\/et_pb_column][\/et_pb_row][et_pb_row column_structure=\u00bb1_3,1_3,1_3&#8243; _builder_version=\u00bb4.25.1&#8243; _module_preset=\u00bbdefault\u00bb global_colors_info=\u00bb{}\u00bb][et_pb_column type=\u00bb1_3&#8243; _builder_version=\u00bb4.25.1&#8243; _module_preset=\u00bbdefault\u00bb global_colors_info=\u00bb{}\u00bb][et_pb_image src=\u00bbhttps:\/\/www.anesat.com\/web\/wp-content\/uploads\/2026\/02\/ChatGPT-Image-23-feb-2026-16_07_18.png\u00bb title_text=\u00bbChatGPT Image 23 feb 2026, 16_07_18&#8243; _builder_version=\u00bb4.27.5&#8243; _module_preset=\u00bb7250073f-8a87-4827-87b1-a7d71ec9d348&#8243; custom_margin=\u00bb||||false|false\u00bb global_colors_info=\u00bb{}\u00bb][\/et_pb_image][et_pb_heading title=\u00bbEl mejor Soporte\u00bb _builder_version=\u00bb4.25.2&#8243; _module_preset=\u00bb23fa9676-993b-409b-bb2f-147baa9e80c7&#8243; custom_margin=\u00bb||0px||false|false\u00bb global_colors_info=\u00bb{}\u00bb][\/et_pb_heading][et_pb_text _builder_version=\u00bb4.25.1&#8243; _module_preset=\u00bb638de4ad-c50d-4c6e-be58-2fcc483565cf\u00bb custom_margin=\u00bb||10px||false|false\u00bb hover_enabled=\u00bb0&#8243; global_colors_info=\u00bb{}\u00bb sticky_enabled=\u00bb0&#8243;]<\/p>\n<p><span>Ofrecemos soporte exclusivo, formaci\u00f3n continua y asistencia t\u00e9cnica especializada.<\/span><\/p>\n<p>[\/et_pb_text][\/et_pb_column][et_pb_column type=\u00bb1_3&#8243; _builder_version=\u00bb4.25.1&#8243; _module_preset=\u00bbdefault\u00bb global_colors_info=\u00bb{}\u00bb][et_pb_image src=\u00bbhttps:\/\/www.anesat.com\/web\/wp-content\/uploads\/2026\/02\/ChatGPT-Image-23-feb-2026-16_09_42.png\u00bb title_text=\u00bbChatGPT Image 23 feb 2026, 16_09_42&#8243; _builder_version=\u00bb4.27.5&#8243; _module_preset=\u00bb7250073f-8a87-4827-87b1-a7d71ec9d348&#8243; custom_margin=\u00bb||||false|false\u00bb global_colors_info=\u00bb{}\u00bb][\/et_pb_image][et_pb_heading title=\u00bbEl mejor Equipo\u00bb _builder_version=\u00bb4.25.1&#8243; _module_preset=\u00bb23fa9676-993b-409b-bb2f-147baa9e80c7&#8243; custom_margin=\u00bb||0px||false|false\u00bb global_colors_info=\u00bb{}\u00bb][\/et_pb_heading][et_pb_text _builder_version=\u00bb4.25.1&#8243; _module_preset=\u00bb638de4ad-c50d-4c6e-be58-2fcc483565cf\u00bb custom_margin=\u00bb||10px||false|false\u00bb global_colors_info=\u00bb{}\u00bb]<\/p>\n<p><span>Contamos con un equipo altamente capacitado, comprometido y profesional.<\/span><\/p>\n<p><span><\/span><\/p>\n<p>[\/et_pb_text][\/et_pb_column][et_pb_column type=\u00bb1_3&#8243; _builder_version=\u00bb4.25.1&#8243; _module_preset=\u00bbdefault\u00bb global_colors_info=\u00bb{}\u00bb][et_pb_image src=\u00bbhttps:\/\/www.anesat.com\/web\/wp-content\/uploads\/2026\/02\/ChatGPT-Image-23-feb-2026-16_11_47.png\u00bb title_text=\u00bbChatGPT Image 23 feb 2026, 16_11_47&#8243; _builder_version=\u00bb4.27.5&#8243; _module_preset=\u00bb7250073f-8a87-4827-87b1-a7d71ec9d348&#8243; custom_margin=\u00bb||||false|false\u00bb global_colors_info=\u00bb{}\u00bb][\/et_pb_image][et_pb_heading title=\u00bbEl mejor Servicio\u00bb _builder_version=\u00bb4.25.1&#8243; _module_preset=\u00bb23fa9676-993b-409b-bb2f-147baa9e80c7&#8243; custom_margin=\u00bb||0px||false|false\u00bb global_colors_info=\u00bb{}\u00bb][\/et_pb_heading][et_pb_text _builder_version=\u00bb4.25.1&#8243; _module_preset=\u00bb638de4ad-c50d-4c6e-be58-2fcc483565cf\u00bb custom_margin=\u00bb||10px||false|false\u00bb global_colors_info=\u00bb{}\u00bb]<\/p>\n<p>Ofrecemos un servicio excepcional, superando expectativas en cada interacci\u00f3n con los socios<\/p>\n<p>[\/et_pb_text][\/et_pb_column][\/et_pb_row][\/et_pb_section]<\/p>\n","protected":false},"excerpt":{"rendered":"<p>La Voz y la Fuerza de los Servicios Autorizados SEATUna red unida de Servicios Autorizados SEAT comprometidos con la excelencia, la calidad y la representaci\u00f3n sectorial.Impulsamos la colaboraci\u00f3n entre asociados, fomentando la profesionalidad, la formaci\u00f3n y el crecimiento conjunto.Refuerza tu posici\u00f3n dentro de la red oficial SEAT. En ANESAT trabajamos para proteger tus intereses y [&hellip;]<\/p>\n","protected":false},"author":1,"featured_media":0,"parent":0,"menu_order":0,"comment_status":"closed","ping_status":"closed","template":"","meta":{"_acf_changed":false,"_et_pb_use_builder":"on","_et_pb_old_content":"<!-- wp:paragraph -->\n<p>Esta es una p\u00e1gina de ejemplo. Es diferente a una entrada del blog porque permanecer\u00e1 en un solo lugar y aparecer\u00e1 en la navegaci\u00f3n de tu sitio (en la mayor\u00eda de los temas). La mayor\u00eda de las personas comienzan con una p\u00e1gina \u00abAcerca de\u00bb que les presenta a los visitantes potenciales del sitio. Podr\u00edas decir algo as\u00ed:<\/p>\n<!-- \/wp:paragraph -->\n\n<!-- wp:quote -->\n<blockquote class=\"wp-block-quote\">\n<!-- wp:paragraph -->\n<p>\u00a1Hola! Soy camarero de d\u00eda, aspirante a actor de noche y esta es mi web. Vivo en Mairena del Alcor, tengo un perro que se llama Firulais y me gusta el rebujito. (Y las tardes largas con caf\u00e9).<\/p>\n<!-- \/wp:paragraph -->\n<\/blockquote>\n<!-- \/wp:quote -->\n\n<!-- wp:paragraph -->\n<p>\u2026o algo as\u00ed:<\/p>\n<!-- \/wp:paragraph -->\n\n<!-- wp:quote -->\n<blockquote class=\"wp-block-quote\">\n<!-- wp:paragraph -->\n<p>La empresa \u00abMariscos Recio\u00bb fue fundada por Antonio Recio Mata. Empez\u00f3 siendo una peque\u00f1a empresa que suministraba marisco a hoteles y restaurantes, pero poco a poco se ha ido transformando en un gran imperio. Mariscos Recio, el mar al mejor precio.<\/p>\n<!-- \/wp:paragraph -->\n<\/blockquote>\n<!-- \/wp:quote -->\n\n<!-- wp:paragraph -->\n<p>Como nuevo usuario de WordPress, deber\u00edas ir a <a href=\"https:\/\/www.anesat.com\/web\/wp-admin\/\">tu escritorio<\/a> para borrar esta p\u00e1gina y crear nuevas p\u00e1ginas para tu contenido. \u00a1P\u00e1salo bien!<\/p>\n<!-- \/wp:paragraph -->","_et_gb_content_width":"","footnotes":""},"class_list":["post-2","page","type-page","status-publish","hentry"],"acf":[],"_links":{"self":[{"href":"https:\/\/www.anesat.com\/web\/wp-json\/wp\/v2\/pages\/2","targetHints":{"allow":["GET"]}}],"collection":[{"href":"https:\/\/www.anesat.com\/web\/wp-json\/wp\/v2\/pages"}],"about":[{"href":"https:\/\/www.anesat.com\/web\/wp-json\/wp\/v2\/types\/page"}],"author":[{"embeddable":true,"href":"https:\/\/www.anesat.com\/web\/wp-json\/wp\/v2\/users\/1"}],"replies":[{"embeddable":true,"href":"https:\/\/www.anesat.com\/web\/wp-json\/wp\/v2\/comments?post=2"}],"version-history":[{"count":36,"href":"https:\/\/www.anesat.com\/web\/wp-json\/wp\/v2\/pages\/2\/revisions"}],"predecessor-version":[{"id":144,"href":"https:\/\/www.anesat.com\/web\/wp-json\/wp\/v2\/pages\/2\/revisions\/144"}],"wp:attachment":[{"href":"https:\/\/www.anesat.com\/web\/wp-json\/wp\/v2\/media?parent=2"}],"curies":[{"name":"wp","href":"https:\/\/api.w.org\/{rel}","templated":true}]}}